{"id":1753,"date":"2022-05-01T09:52:47","date_gmt":"2022-05-01T08:52:47","guid":{"rendered":"https:\/\/bakersteel.richardpchapmandev.com\/?page_id=1753"},"modified":"2024-02-05T15:18:53","modified_gmt":"2024-02-05T15:18:53","slug":"datenschutz","status":"publish","type":"page","link":"https:\/\/www.bakersteelcap.com\/de\/datenschutz\/","title":{"rendered":"Datenschutz"},"content":{"rendered":"<h2>Baker Steel Capital Managers LLP und die britische Allgemeine Datenschutzrichtlinie (UK GDPR)<\/h2>\n<p>Baker Steel Capital Managers LLP (\u201eBaker Steel&#8220;) wendet die h\u00f6chsten Sicherheitsma\u00dfnahmen an, um die Daten des Einzelnen zu sch\u00fctzen. Baker Steel verpflichtet sich, die Rechte und Freiheiten der betroffenen Personen zu sch\u00fctzen, und wei\u00df, wie wichtig es ist, ihre Daten in \u00dcbereinstimmung mit allen unseren gesetzlichen Verpflichtungen sicher und gesch\u00fctzt zu verarbeiten.<\/p>\n<p>Baker Steel speichert personenbezogene Daten \u00fcber unsere Mitarbeiter, Kunden, Lieferanten und andere Personen f\u00fcr eine Vielzahl von Gesch\u00e4ftszwecken. Baker Steel ist der \u201eDatenverantwortliche&#8220; in Bezug auf Ihre pers\u00f6nlichen Daten, die wir besitzen, da wir die Kontrolle \u00fcber die Speicherung und Verwendung dieser pers\u00f6nlichen Daten haben.<\/p>\n<p>In dieser Richtlinie wird dargelegt, wie wir versuchen, personenbezogene Daten zu sch\u00fctzen und sicherzustellen, dass unsere Mitarbeiter die Regeln f\u00fcr die Nutzung der personenbezogenen Daten verstehen, zu denen sie im Rahmen ihrer Arbeit Zugang haben.<\/p>\n<h2>Was ist UK GDPR?<\/h2>\n<p>Die britische Datenschutz-Grundverordnung (GDPR) ist eine britische Rechtsvorschrift zum Datenschutz und zum Schutz der Privatsph\u00e4re f\u00fcr alle Personen im Vereinigten K\u00f6nigreich. Sie regelt auch die Ausfuhr personenbezogener Daten au\u00dferhalb des Vereinigten K\u00f6nigreichs. Die UK GDPR zielt in erster Linie darauf ab, den B\u00fcrgern und Einwohnern die Kontrolle \u00fcber ihre personenbezogenen Daten zu geben und das regulatorische Umfeld f\u00fcr internationale Unternehmen zu vereinfachen, indem die Vorschriften im Vereinigten K\u00f6nigreich vereinheitlicht werden.<\/p>\n<p>Die britische GDPR ist am 31. Januar 2020 in Kraft getreten und betrifft alle Wirtschaftszweige; sie regelt, was ein Unternehmen mit personenbezogenen Daten tun kann und was nicht. \u201ePersonenbezogene Daten&#8220; sind Informationen, die Einzelpersonen direkt identifizieren oder anhand derer Einzelpersonen indirekt identifiziert werden k\u00f6nnen.<\/p>\n<p>Die britische (englischsprachige) GDPR-Website finden Sie hier.<\/p>\n<p>Warum speichert und verarbeitet Baker Steel die Daten von Personen?<\/p>\n<p>Baker Steel verarbeitet rechtm\u00e4\u00dfig personenbezogene Daten aus einer Reihe von Gr\u00fcnden und zu unterschiedlichen Zwecken:<\/p>\n<ul>\n<li>F\u00fcr die Anlegerberichterstattung<\/li>\n<li>F\u00fcr das Portfoliomanagement und den Handel f\u00fcr die Fonds von Baker Steel<\/li>\n<li>F\u00fcr die aufsichtsrechtliche Berichterstattung und die Einhaltung der verschiedenen Gesetze und Vorschriften, denen wir unterliegen<\/li>\n<li>F\u00fcr die \u00dcberpr\u00fcfung der Identit\u00e4t der Kunden und die Durchf\u00fchrung unserer aufsichtsrechtlichen Kontrollen<\/li>\n<li>F\u00fcr die Vermarktung an eine bestimmte Auswahl professioneller Anleger<\/li>\n<li>Um Kunden, Investoren, Gegenparteien und Medien \u00fcber Baker Steel und seine Produkte auf dem Laufenden zu halten<\/li>\n<li>F\u00fcr Zwecke der Personalverwaltung<\/li>\n<\/ul>\n<h2>Auf welche rechtm\u00e4\u00dfigen Gr\u00fcnde st\u00fctzt sich Baker Steel bei der Verarbeitung personenbezogener Daten?<\/h2>\n<p>Baker Steel hat ein berechtigtes Interesse an der Verarbeitung personenbezogener Daten. Der Begriff \u201eberechtigtes Interesse&#8220; umfasst eine Reihe von Gr\u00fcnden, aus denen wir Ihre personenbezogenen Daten verarbeiten m\u00fcssen, die m\u00f6glicherweise nicht von anderen Begriffen abgedeckt werden.<\/p>\n<p>Wir sind der Ansicht, dass unsere Verarbeitung des oben beschriebenen Datensatzes ein berechtigtes Interesse darstellt. Es wurden die drei Grunds\u00e4tze des berechtigten Interesses angewandt:<\/p>\n<ul>\n<li>Pr\u00fcfung des Zwecks &#8211; liegt ein berechtigtes Interesse an der Verarbeitung vor?<\/li>\n<li>Erforderlichkeitspr\u00fcfung &#8211; ist die Verarbeitung f\u00fcr diesen Zweck notwendig?<\/li>\n<li>Abw\u00e4gungspr\u00fcfung &#8211; \u00fcberwiegen die Interessen, Rechte oder Freiheiten der Person das berechtigte Interesse?<\/li>\n<\/ul>\n<p>Um zu veranschaulichen, wie Baker Steel die berechtigten Interessen als Rechtfertigung f\u00fcr die Verarbeitung personenbezogener Daten bewertet, betrachten wir das Beispiel der Datenverarbeitung f\u00fcr die Vermarktung an eine Auswahl professioneller Anleger. Baker Steel wendet den dreiteiligen Test auf seine Marketingaktivit\u00e4ten an, um festzustellen, dass das Unternehmen ein berechtigtes Interesse an der Verarbeitung personenbezogener Daten hat. Erstens haben die Marketingaktivit\u00e4ten von Baker Steel einen g\u00fcltigen Zweck: die Produkte des Unternehmens bei einer Auswahl von professionellen Anlegern in einer aufsichtsrechtlich konformen Weise zu bewerben. Zweitens kommen wir zu dem Schluss, dass die Datenverarbeitung f\u00fcr diesen Zweck notwendig ist, da bestimmte personenbezogene Daten und Kontaktangaben f\u00fcr die Durchf\u00fchrung der Marketingaktivit\u00e4ten erforderlich sind. Drittens \u00fcberwiegt die Abw\u00e4gung der Interessen, Rechte und Freiheiten des Einzelnen nicht das berechtigte Interesse von Baker Steel, Marketingaktivit\u00e4ten mit einer Auswahl professioneller Anleger durchzuf\u00fchren.<\/p>\n<p>Dar\u00fcber hinaus wird die Datenverarbeitung von Baker Steel auf rechtm\u00e4\u00dfiger Grundlage vorgenommen, um vertragliche und gesetzliche Verpflichtungen zu erf\u00fcllen. Baker Steel ist verpflichtet, personenbezogene Daten zu verarbeiten, wenn dies zur Erf\u00fcllung der vertraglichen Verpflichtungen mit seinen Dienstleistern, Lieferanten, Vertragspartnern und Kunden erforderlich ist. Baker Steel verarbeitet personenbezogene Daten auch rechtm\u00e4\u00dfig, um gesetzlichen Anforderungen und gesetzlichen Verpflichtungen nachzukommen, sofern dies erforderlich ist.<\/p>\n<h2>Welche Rechte habe ich und wie kann ich meine Zustimmung zur Verarbeitung personenbezogener Daten widerrufen?<\/h2>\n<p>Die britische Datenschutz-Grundverordnung gibt Ihnen eine Reihe von Rechten in Bezug auf Ihre Daten, sofern bestimmte Kriterien erf\u00fcllt sind.<\/p>\n<p>Diese sind:<\/p>\n<ul>\n<li>Recht auf Information &#8211; wir stellen klare Datenschutzhinweise zur Verf\u00fcgung und f\u00fchren Aufzeichnungen, um Transparenz und Rechenschaftspflicht zu gew\u00e4hrleisten.<\/li>\n<li>Recht auf Auskunft &#8211; Sie haben das Recht, eine Kopie der Daten, die wir \u00fcber Sie gespeichert haben, sowie einige zus\u00e4tzliche Informationen zu erhalten.<\/li>\n<li>Recht auf Berichtigung &#8211; wir m\u00fcssen uns bem\u00fchen, alle Fehler in den Daten, die wir \u00fcber Sie gespeichert haben und die m\u00f6glicherweise ungenau oder unvollst\u00e4ndig sind, zu korrigieren.<\/li>\n<li>Recht auf Daten\u00fcbertragbarkeit &#8211; wir m\u00fcssen in der Lage sein, personenbezogene Daten, die Sie uns zur Verf\u00fcgung gestellt haben, an Sie oder an ein anderes Unternehmen zu \u00fcbermitteln.<\/li>\n<li>Widerspruchsrecht &#8211; Sie haben das Recht, der Verarbeitung Ihrer Daten auf der Grundlage unserer berechtigten Interessen und\/oder der Verarbeitung Ihrer Daten f\u00fcr Direktmarketingzwecke zu widersprechen.<\/li>\n<li>Recht auf L\u00f6schung &#8211; wir m\u00fcssen personenbezogene Daten, die wir \u00fcber Sie gespeichert haben, l\u00f6schen, wenn wir dazu aufgefordert werden<\/li>\n<li>Recht auf Einschr\u00e4nkung &#8211; das Recht, von uns zu verlangen, dass wir die Verarbeitung Ihrer personenbezogenen Daten einschr\u00e4nken.<\/li>\n<li>Recht auf automatisierte Entscheidungsfindung und Profiling &#8211; Wir m\u00fcssen die Rechte des Einzelnen in Bezug auf automatisierte Entscheidungsfindung und Profiling respektieren.<\/li>\n<\/ul>\n<p>Wenn wir uns auf Ihre Einwilligung zur Verarbeitung Ihrer personenbezogenen Daten st\u00fctzen, k\u00f6nnen Sie diese Einwilligung jederzeit widerrufen. Um Ihre Zustimmung zu widerrufen, informieren Sie Baker Steel bitte telefonisch (+442073890009) oder per E-Mail (enquiries@bakersteelcap.com) oder \u00fcber Ihren \u00fcblichen Ansprechpartner bei Baker Steel.<\/p>\n<h2>Werden meine pers\u00f6nlichen Daten an Dritte weitergegeben?<\/h2>\n<p>Baker Steel kann personenbezogene Daten an Dritte weitergeben, deren Dienste wir ben\u00f6tigen, um Ihnen Dienstleistungen anbieten zu k\u00f6nnen. Dazu k\u00f6nnen Depotbanken, Makler, Banken, Marktgegenparteien, Registrierstellen, Aufsichts- oder Steuerbeh\u00f6rden, professionelle Berater wie Wirtschaftspr\u00fcfer oder Rechtsanw\u00e4lte, Verwalter und Softwareanbieter geh\u00f6ren.<\/p>\n<h2>Wie lange bewahren Sie personenbezogene Daten auf?<\/h2>\n<p>Baker Steel bewahrt personenbezogene Daten so lange auf, wie eine Person Kunde bleibt, und danach f\u00fcr einen angemessenen Zeitraum. Die Dauer der Aufbewahrung personenbezogener Daten richtet sich nach den Verpflichtungen, die wir gem\u00e4\u00df den geltenden Vorschriften zur Speicherung personenbezogener Daten haben, sowie nach den praktischen M\u00f6glichkeiten, personenbezogene Daten aus unserer Datenbank zu l\u00f6schen oder dauerhaft zu anonymisieren.<\/p>\n<h2>Wie kann ich eine Beschwerde \u00fcber die Verarbeitung meiner personenbezogenen Daten einreichen?<\/h2>\n<p>Wenn Sie der Ansicht sind, dass die Verarbeitung Ihrer personenbezogenen Daten gegen geltende Datenschutzgesetze verst\u00f6\u00dft, haben Sie als betroffene Person unbeschadet anderer verwaltungsrechtlicher oder gerichtlicher Rechtsbehelfe das Recht, eine Beschwerde bei der Aufsichtsbeh\u00f6rde einzureichen.<\/p>\n<p>Die Aufsichtsbeh\u00f6rde ist das Information Commissioners Office (ICO), das \u00fcber seine Hotline (0303 123 1113) oder \u00fcber den Abschnitt \u201eConcerns&#8220; auf der ICO-Website (https:\/\/ico.org.uk\/concerns\/) kontaktiert werden kann.<\/p>\n<p>Kontaktinformationen f\u00fcr Baker Steel<\/p>\n<p>Bitte wenden Sie sich an Baker Steel, wenn Sie weitere Informationen \u00fcber unsere Datenverarbeitung gem\u00e4\u00df der britischen Datenschutz-Grundverordnung w\u00fcnschen. Bitte kontaktieren Sie uns telefonisch (+442073890009) oder per E-Mail (enquiries@bakersteelcap.com) oder \u00fcber Ihren \u00fcblichen Ansprechpartner bei Baker Steel.<\/p>\n<h2>Aktualisierungen dieses Hinweises<\/h2>\n<p>Dieser Hinweis kann in regelm\u00e4\u00dfigen Abst\u00e4nden aktualisiert werden, um \u00c4nderungen in der Art und Weise, wie wir personenbezogene Daten verarbeiten, widerzuspiegeln oder um Informationen, die wir in diesem Hinweis gegeben haben, zu verdeutlichen.<\/p>\n<p>Quelle: B\u00fcro der Informationsbeauftragten www.ico.org.uk<\/p>\n","protected":false},"excerpt":{"rendered":"<p>Baker Steel Capital Managers LLP und die britische Allgemeine Datenschutzrichtlinie (UK GDPR) Baker Steel Capital Managers LLP (\u201eBaker Steel&#8220;) wendet die h\u00f6chsten Sicherheitsma\u00dfnahmen an, um die Daten des Einzelnen zu sch\u00fctzen. Baker Steel verpflichtet sich, die Rechte und Freiheiten der betroffenen Personen zu sch\u00fctzen, und wei\u00df, wie wichtig es ist, ihre Daten in \u00dcbereinstimmung mit [&hellip;]<\/p>\n","protected":false},"author":2,"featured_media":0,"parent":0,"menu_order":1000,"comment_status":"closed","ping_status":"closed","template":"page-legal.php","meta":{"_acf_changed":false,"footnotes":""},"class_list":["post-1753","page","type-page","status-publish","hentry"],"acf":[],"yoast_head":"<!-- This site is optimized with the Yoast SEO plugin v23.8 - https:\/\/yoast.com\/wordpress\/plugins\/seo\/ -->\n<title>Datenschutz - Baker Steel Capital<\/title>\n<meta name=\"robots\" content=\"index, follow, max-snippet:-1, max-image-preview:large, max-video-preview:-1\" \/>\n<link rel=\"canonical\" href=\"https:\/\/www.bakersteelcap.com\/de\/datenschutz\/\" \/>\n<meta property=\"og:locale\" content=\"de_DE\" \/>\n<meta property=\"og:type\" content=\"article\" \/>\n<meta property=\"og:title\" content=\"Datenschutz - Baker Steel Capital\" \/>\n<meta property=\"og:description\" content=\"Baker Steel Capital Managers LLP und die britische Allgemeine Datenschutzrichtlinie (UK GDPR) Baker Steel Capital Managers LLP (\u201eBaker Steel&#8220;) wendet die h\u00f6chsten Sicherheitsma\u00dfnahmen an, um die Daten des Einzelnen zu sch\u00fctzen. Baker Steel verpflichtet sich, die Rechte und Freiheiten der betroffenen Personen zu sch\u00fctzen, und wei\u00df, wie wichtig es ist, ihre Daten in \u00dcbereinstimmung mit [&hellip;]\" \/>\n<meta property=\"og:url\" content=\"https:\/\/www.bakersteelcap.com\/de\/datenschutz\/\" \/>\n<meta property=\"og:site_name\" content=\"Baker Steel Capital\" \/>\n<meta property=\"article:modified_time\" content=\"2024-02-05T15:18:53+00:00\" \/>\n<meta name=\"twitter:card\" content=\"summary_large_image\" \/>\n<meta name=\"twitter:label1\" content=\"Gesch\u00e4tzte Lesezeit\" \/>\n\t<meta name=\"twitter:data1\" content=\"6 Minuten\" \/>\n<script type=\"application\/ld+json\" class=\"yoast-schema-graph\">{\"@context\":\"https:\/\/schema.org\",\"@graph\":[{\"@type\":\"WebPage\",\"@id\":\"https:\/\/www.bakersteelcap.com\/de\/datenschutz\/\",\"url\":\"https:\/\/www.bakersteelcap.com\/de\/datenschutz\/\",\"name\":\"Datenschutz - Baker Steel Capital\",\"isPartOf\":{\"@id\":\"https:\/\/www.bakersteelcap.com\/#website\"},\"datePublished\":\"2022-05-01T08:52:47+00:00\",\"dateModified\":\"2024-02-05T15:18:53+00:00\",\"breadcrumb\":{\"@id\":\"https:\/\/www.bakersteelcap.com\/de\/datenschutz\/#breadcrumb\"},\"inLanguage\":\"de-DE\",\"potentialAction\":[{\"@type\":\"ReadAction\",\"target\":[\"https:\/\/www.bakersteelcap.com\/de\/datenschutz\/\"]}]},{\"@type\":\"BreadcrumbList\",\"@id\":\"https:\/\/www.bakersteelcap.com\/de\/datenschutz\/#breadcrumb\",\"itemListElement\":[{\"@type\":\"ListItem\",\"position\":1,\"name\":\"Home\",\"item\":\"https:\/\/www.bakersteelcap.com\/de\/test\/\"},{\"@type\":\"ListItem\",\"position\":2,\"name\":\"Datenschutz\"}]},{\"@type\":\"WebSite\",\"@id\":\"https:\/\/www.bakersteelcap.com\/#website\",\"url\":\"https:\/\/www.bakersteelcap.com\/\",\"name\":\"Baker Steel Capital\",\"description\":\"\",\"potentialAction\":[{\"@type\":\"SearchAction\",\"target\":{\"@type\":\"EntryPoint\",\"urlTemplate\":\"https:\/\/www.bakersteelcap.com\/?s={search_term_string}\"},\"query-input\":{\"@type\":\"PropertyValueSpecification\",\"valueRequired\":true,\"valueName\":\"search_term_string\"}}],\"inLanguage\":\"de-DE\"}]}<\/script>\n<!-- \/ Yoast SEO plugin. -->","yoast_head_json":{"title":"Datenschutz - Baker Steel Capital","robots":{"index":"index","follow":"follow","max-snippet":"max-snippet:-1","max-image-preview":"max-image-preview:large","max-video-preview":"max-video-preview:-1"},"canonical":"https:\/\/www.bakersteelcap.com\/de\/datenschutz\/","og_locale":"de_DE","og_type":"article","og_title":"Datenschutz - Baker Steel Capital","og_description":"Baker Steel Capital Managers LLP und die britische Allgemeine Datenschutzrichtlinie (UK GDPR) Baker Steel Capital Managers LLP (\u201eBaker Steel&#8220;) wendet die h\u00f6chsten Sicherheitsma\u00dfnahmen an, um die Daten des Einzelnen zu sch\u00fctzen. Baker Steel verpflichtet sich, die Rechte und Freiheiten der betroffenen Personen zu sch\u00fctzen, und wei\u00df, wie wichtig es ist, ihre Daten in \u00dcbereinstimmung mit [&hellip;]","og_url":"https:\/\/www.bakersteelcap.com\/de\/datenschutz\/","og_site_name":"Baker Steel Capital","article_modified_time":"2024-02-05T15:18:53+00:00","twitter_card":"summary_large_image","twitter_misc":{"Gesch\u00e4tzte Lesezeit":"6 Minuten"},"schema":{"@context":"https:\/\/schema.org","@graph":[{"@type":"WebPage","@id":"https:\/\/www.bakersteelcap.com\/de\/datenschutz\/","url":"https:\/\/www.bakersteelcap.com\/de\/datenschutz\/","name":"Datenschutz - Baker Steel Capital","isPartOf":{"@id":"https:\/\/www.bakersteelcap.com\/#website"},"datePublished":"2022-05-01T08:52:47+00:00","dateModified":"2024-02-05T15:18:53+00:00","breadcrumb":{"@id":"https:\/\/www.bakersteelcap.com\/de\/datenschutz\/#breadcrumb"},"inLanguage":"de-DE","potentialAction":[{"@type":"ReadAction","target":["https:\/\/www.bakersteelcap.com\/de\/datenschutz\/"]}]},{"@type":"BreadcrumbList","@id":"https:\/\/www.bakersteelcap.com\/de\/datenschutz\/#breadcrumb","itemListElement":[{"@type":"ListItem","position":1,"name":"Home","item":"https:\/\/www.bakersteelcap.com\/de\/test\/"},{"@type":"ListItem","position":2,"name":"Datenschutz"}]},{"@type":"WebSite","@id":"https:\/\/www.bakersteelcap.com\/#website","url":"https:\/\/www.bakersteelcap.com\/","name":"Baker Steel Capital","description":"","potentialAction":[{"@type":"SearchAction","target":{"@type":"EntryPoint","urlTemplate":"https:\/\/www.bakersteelcap.com\/?s={search_term_string}"},"query-input":{"@type":"PropertyValueSpecification","valueRequired":true,"valueName":"search_term_string"}}],"inLanguage":"de-DE"}]}},"_links":{"self":[{"href":"https:\/\/www.bakersteelcap.com\/de\/wp-json\/wp\/v2\/pages\/1753","targetHints":{"allow":["GET"]}}],"collection":[{"href":"https:\/\/www.bakersteelcap.com\/de\/wp-json\/wp\/v2\/pages"}],"about":[{"href":"https:\/\/www.bakersteelcap.com\/de\/wp-json\/wp\/v2\/types\/page"}],"author":[{"embeddable":true,"href":"https:\/\/www.bakersteelcap.com\/de\/wp-json\/wp\/v2\/users\/2"}],"replies":[{"embeddable":true,"href":"https:\/\/www.bakersteelcap.com\/de\/wp-json\/wp\/v2\/comments?post=1753"}],"version-history":[{"count":0,"href":"https:\/\/www.bakersteelcap.com\/de\/wp-json\/wp\/v2\/pages\/1753\/revisions"}],"wp:attachment":[{"href":"https:\/\/www.bakersteelcap.com\/de\/wp-json\/wp\/v2\/media?parent=1753"}],"curies":[{"name":"wp","href":"https:\/\/api.w.org\/{rel}","templated":true}]}}